{"id":218,"date":"2020-05-12T03:43:04","date_gmt":"2020-05-12T03:43:04","guid":{"rendered":"https:\/\/universidadtsaloa.com\/site\/index.php\/about\/"},"modified":"2023-09-01T02:35:43","modified_gmt":"2023-09-01T02:35:43","slug":"about","status":"publish","type":"page","link":"https:\/\/universidadtsaloa.com\/site\/index.php\/about\/","title":{"rendered":"Acerca de nosotros"},"content":{"rendered":"\n<div class=\"wp-block-uagb-advanced-heading uagb-block-b47deef7\"><h1 class=\"uagb-heading-text\">\u200b<\/h1><\/div>\n\n\n\n<div class=\"wp-block-uagb-container uagb-block-f6474934 alignfull uagb-is-root-container\"><div class=\"uagb-container-inner-blocks-wrap\"><\/div><\/div>\n\n\n\n<div class=\"wp-block-uagb-container uagb-block-da5d164a alignfull uagb-is-root-container\"><div class=\"uagb-container-inner-blocks-wrap\">\n<div class=\"wp-block-uagb-advanced-heading uagb-block-7d9c3655\"><h2 class=\"uagb-heading-text\">FILOSOFIA INSTITUCIONAL<\/h2><\/div>\n\n\n\n<div class=\"wp-block-uagb-container uagb-block-fdfc0364\">\n<div class=\"wp-block-uagb-info-box uagb-block-0ef86749 uagb-infobox__content-wrap  uagb-infobox-icon-above-title uagb-infobox-image-valign-top\"><div class=\"uagb-ifb-content\"><div class=\"uagb-ifb-title-wrap\"><span class=\"uagb-ifb-title-prefix\">La Filosof\u00eda de la Universidad Tsaloa est\u00e1 basada en nuestros valores, nuestras convicciones y nuestro deseo de contribuir a la sociedad, a trav\u00e9s de la educaci\u00f3n y la generaci\u00f3n de liderez.<br><br>Como mexicanos estamos conscientes del gran potencial con el que cuenta el pais desde sus recursos, su cultura, hasta su voluntad de progreso. Sabemos que para influir en el desarrollo de la comunidad y del pais tenemos que hacerlo en el de las personas: nuestra comunidad estudiantil y maestros<br><br>A trav\u00e9s de la educaci\u00f3n pretendemos ense\u00f1ar en nuestros estudiantes el valor de la libertad, con un contexto de conciencia y responsabilidad humanista.  <br><br>Cada estudiante que ingresa a nuestra Universidad representa una nueva oportunidad de contribuir a forjar un lider capaz de desempe\u00f1arse con \u00e9xito en la vida. Por ello, el principal compromiso de la Universidad Tsaloa es con la educaci\u00f3n de sus estudiantes.<\/span><\/div><\/div><\/div>\n<\/div>\n<\/div><\/div>\n\n\n\n<div class=\"wp-block-uagb-container uagb-block-f0727833 alignfull uagb-is-root-container\"><div class=\"uagb-container-inner-blocks-wrap\">\n<div class=\"wp-block-uagb-container uagb-block-304bf19b\">\n<div class=\"wp-block-uagb-advanced-heading uagb-block-9e6c7b94\"><h2 class=\"uagb-heading-text\">Modelo Educativo<\/h2><p class=\"uagb-desc-text\">Nuestro modelo educativo esta basado en desarrollar liderez de cambio que cuenten con las herramientas y competencias necesarias para enfrentar la vida laboral actual<\/p><\/div>\n\n\n\n<div class=\"wp-block-uagb-advanced-heading uagb-block-ffa08a70\"><h2 class=\"uagb-heading-text\">Misi\u00f3n<\/h2><p class=\"uagb-desc-text\">Contribuir a la formaci\u00f3n y generaci\u00f3n de l\u00edderes con calidad humana que impulsen el desarrollo a nivel nacional<\/p><\/div>\n<\/div>\n\n\n\n<div class=\"wp-block-uagb-container uagb-block-a4f15239\">\n<div class=\"wp-block-uagb-image uagb-block-6e77f0e7 wp-block-uagb-image--layout-default wp-block-uagb-image--effect-static wp-block-uagb-image--align-none\"><figure class=\"wp-block-uagb-image__figure\"><img decoding=\"async\" srcset=\"https:\/\/universidadtsaloa.com\/site\/wp-content\/uploads\/2023\/08\/Post-para-Instagram-Curso-online-de-idiomas-Moderno-Gris-4-1-edited.png \" sizes=\"(max-width: 480px) 150px\" src=\"https:\/\/universidadtsaloa.com\/site\/wp-content\/uploads\/2023\/08\/Post-para-Instagram-Curso-online-de-idiomas-Moderno-Gris-4-1-edited.png\" alt=\"\" class=\"uag-image-1027\" width=\"379\" height=\"379\" title=\"\" loading=\"lazy\"\/><\/figure><\/div>\n<\/div>\n\n\n\n<div class=\"wp-block-uagb-container uagb-block-61a3c305\">\n<div class=\"wp-block-uagb-advanced-heading uagb-block-a6af3109\"><h2 class=\"uagb-heading-text\">Valores<\/h2><\/div>\n\n\n\n<div class=\"wp-block-uagb-icon-list uagb-block-f747e049\"><div class=\"uagb-icon-list__wrap\">\n<div class=\"wp-block-uagb-icon-list-child uagb-block-53195582\"><a target=\"_self\" aria-label=\"Compromiso\u200b\" rel=\"noopener noreferrer\" href=\"#\"> <\/a><span class=\"uagb-icon-list__source-wrap\"><svg xmlns=\"https:\/\/www.w3.org\/2000\/svg\" viewBox=\"0 0 256 512\"><path d=\"M64 448c-8.188 0-16.38-3.125-22.62-9.375c-12.5-12.5-12.5-32.75 0-45.25L178.8 256L41.38 118.6c-12.5-12.5-12.5-32.75 0-45.25s32.75-12.5 45.25 0l160 160c12.5 12.5 12.5 32.75 0 45.25l-160 160C80.38 444.9 72.19 448 64 448z\"><\/path><\/svg><\/span><span class=\"uagb-icon-list__label\">Compromiso\u200b<\/span><\/div>\n\n\n\n<div class=\"wp-block-uagb-icon-list-child uagb-block-3c38c4e1\"><a target=\"_self\" aria-label=\"Educaci\u00f3n\u200b\" rel=\"noopener noreferrer\" href=\"#\"> <\/a><span class=\"uagb-icon-list__source-wrap\"><svg xmlns=\"https:\/\/www.w3.org\/2000\/svg\" viewBox=\"0 0 256 512\"><path d=\"M64 448c-8.188 0-16.38-3.125-22.62-9.375c-12.5-12.5-12.5-32.75 0-45.25L178.8 256L41.38 118.6c-12.5-12.5-12.5-32.75 0-45.25s32.75-12.5 45.25 0l160 160c12.5 12.5 12.5 32.75 0 45.25l-160 160C80.38 444.9 72.19 448 64 448z\"><\/path><\/svg><\/span><span class=\"uagb-icon-list__label\">Educaci\u00f3n\u200b<\/span><\/div>\n\n\n\n<div class=\"wp-block-uagb-icon-list-child uagb-block-63c7aa3c\"><a target=\"_self\" aria-label=\"Pasi\u00f3n\u200b\" rel=\"noopener noreferrer\" href=\"#\"> <\/a><span class=\"uagb-icon-list__source-wrap\"><svg xmlns=\"https:\/\/www.w3.org\/2000\/svg\" viewBox=\"0 0 256 512\"><path d=\"M64 448c-8.188 0-16.38-3.125-22.62-9.375c-12.5-12.5-12.5-32.75 0-45.25L178.8 256L41.38 118.6c-12.5-12.5-12.5-32.75 0-45.25s32.75-12.5 45.25 0l160 160c12.5 12.5 12.5 32.75 0 45.25l-160 160C80.38 444.9 72.19 448 64 448z\"><\/path><\/svg><\/span><span class=\"uagb-icon-list__label\">Pasi\u00f3n\u200b<\/span><\/div>\n\n\n\n<div class=\"wp-block-uagb-icon-list-child uagb-block-d8c9d1c5\"><span class=\"uagb-icon-list__source-wrap\"><svg xmlns=\"https:\/\/www.w3.org\/2000\/svg\" viewBox=\"0 0 320 512\"><path d=\"M96 480c-8.188 0-16.38-3.125-22.62-9.375c-12.5-12.5-12.5-32.75 0-45.25L242.8 256L73.38 86.63c-12.5-12.5-12.5-32.75 0-45.25s32.75-12.5 45.25 0l192 192c12.5 12.5 12.5 32.75 0 45.25l-192 192C112.4 476.9 104.2 480 96 480z\"><\/path><\/svg><\/span><span class=\"uagb-icon-list__label\">Resiliencia<\/span><\/div>\n\n\n\n<div class=\"wp-block-uagb-icon-list-child uagb-block-0f1c5fc0\"><span class=\"uagb-icon-list__source-wrap\"><svg xmlns=\"https:\/\/www.w3.org\/2000\/svg\" viewBox=\"0 0 320 512\"><path d=\"M96 480c-8.188 0-16.38-3.125-22.62-9.375c-12.5-12.5-12.5-32.75 0-45.25L242.8 256L73.38 86.63c-12.5-12.5-12.5-32.75 0-45.25s32.75-12.5 45.25 0l192 192c12.5 12.5 12.5 32.75 0 45.25l-192 192C112.4 476.9 104.2 480 96 480z\"><\/path><\/svg><\/span><span class=\"uagb-icon-list__label\">Inteligencia<\/span><\/div>\n\n\n\n<div class=\"wp-block-uagb-icon-list-child uagb-block-292ea59b\"><span class=\"uagb-icon-list__source-wrap\"><svg xmlns=\"https:\/\/www.w3.org\/2000\/svg\" viewBox=\"0 0 320 512\"><path d=\"M96 480c-8.188 0-16.38-3.125-22.62-9.375c-12.5-12.5-12.5-32.75 0-45.25L242.8 256L73.38 86.63c-12.5-12.5-12.5-32.75 0-45.25s32.75-12.5 45.25 0l192 192c12.5 12.5 12.5 32.75 0 45.25l-192 192C112.4 476.9 104.2 480 96 480z\"><\/path><\/svg><\/span><span class=\"uagb-icon-list__label\">Humanismo<\/span><\/div>\n<\/div><\/div>\n<\/div>\n<\/div><\/div>\n","protected":false},"excerpt":{"rendered":"<p>\u200b FILOSOFIA INSTITUCIONAL Modelo Educativo Nuestro modelo educativo esta basado en desarrollar liderez de cambio que cuenten con las herramientas y competencias necesarias para enfrentar la vida laboral actual Misi\u00f3n Contribuir a la formaci\u00f3n y generaci\u00f3n de l\u00edderes con calidad humana que impulsen el desarrollo a nivel nacional Valores<\/p>\n","protected":false},"author":1,"featured_media":918,"parent":0,"menu_order":0,"comment_status":"closed","ping_status":"closed","template":"","meta":{"_uag_custom_page_level_css":"","site-sidebar-layout":"no-sidebar","site-content-layout":"plain-container","ast-site-content-layout":"normal-width-container","site-content-style":"unboxed","site-sidebar-style":"unboxed","ast-global-header-display":"","ast-banner-title-visibility":"","ast-main-header-display":"","ast-hfb-above-header-display":"","ast-hfb-below-header-display":"","ast-hfb-mobile-header-display":"","site-post-title":"disabled","ast-breadcrumbs-content":"","ast-featured-img":"disabled","footer-sml-layout":"","theme-transparent-header-meta":"disabled","adv-header-id-meta":"","stick-header-meta":"","header-above-stick-meta":"","header-main-stick-meta":"","header-below-stick-meta":"","astra-migrate-meta-layouts":"set","footnotes":""},"uagb_featured_image_src":{"full":["https:\/\/universidadtsaloa.com\/site\/wp-content\/uploads\/2023\/08\/LOGO-UTS-1.png",750,528,false],"thumbnail":["https:\/\/universidadtsaloa.com\/site\/wp-content\/uploads\/2023\/08\/LOGO-UTS-1-150x150.png",150,150,true],"medium":["https:\/\/universidadtsaloa.com\/site\/wp-content\/uploads\/2023\/08\/LOGO-UTS-1-300x211.png",300,211,true],"medium_large":["https:\/\/universidadtsaloa.com\/site\/wp-content\/uploads\/2023\/08\/LOGO-UTS-1.png",750,528,false],"large":["https:\/\/universidadtsaloa.com\/site\/wp-content\/uploads\/2023\/08\/LOGO-UTS-1.png",750,528,false],"1536x1536":["https:\/\/universidadtsaloa.com\/site\/wp-content\/uploads\/2023\/08\/LOGO-UTS-1.png",750,528,false],"2048x2048":["https:\/\/universidadtsaloa.com\/site\/wp-content\/uploads\/2023\/08\/LOGO-UTS-1.png",750,528,false]},"uagb_author_info":{"display_name":"administrador","author_link":"https:\/\/universidadtsaloa.com\/site\/index.php\/author\/administrador\/"},"uagb_comment_info":0,"uagb_excerpt":"\u200b FILOSOFIA INSTITUCIONAL Modelo Educativo Nuestro modelo educativo esta basado en desarrollar liderez de cambio que cuenten con las herramientas y competencias necesarias para enfrentar la vida laboral actual Misi\u00f3n Contribuir a la formaci\u00f3n y generaci\u00f3n de l\u00edderes con calidad humana que impulsen el desarrollo a nivel nacional Valores","_links":{"self":[{"href":"https:\/\/universidadtsaloa.com\/site\/index.php\/wp-json\/wp\/v2\/pages\/218"}],"collection":[{"href":"https:\/\/universidadtsaloa.com\/site\/index.php\/wp-json\/wp\/v2\/pages"}],"about":[{"href":"https:\/\/universidadtsaloa.com\/site\/index.php\/wp-json\/wp\/v2\/types\/page"}],"author":[{"embeddable":true,"href":"https:\/\/universidadtsaloa.com\/site\/index.php\/wp-json\/wp\/v2\/users\/1"}],"replies":[{"embeddable":true,"href":"https:\/\/universidadtsaloa.com\/site\/index.php\/wp-json\/wp\/v2\/comments?post=218"}],"version-history":[{"count":8,"href":"https:\/\/universidadtsaloa.com\/site\/index.php\/wp-json\/wp\/v2\/pages\/218\/revisions"}],"predecessor-version":[{"id":1171,"href":"https:\/\/universidadtsaloa.com\/site\/index.php\/wp-json\/wp\/v2\/pages\/218\/revisions\/1171"}],"wp:featuredmedia":[{"embeddable":true,"href":"https:\/\/universidadtsaloa.com\/site\/index.php\/wp-json\/wp\/v2\/media\/918"}],"wp:attachment":[{"href":"https:\/\/universidadtsaloa.com\/site\/index.php\/wp-json\/wp\/v2\/media?parent=218"}],"curies":[{"name":"wp","href":"https:\/\/api.w.org\/{rel}","templated":true}]}}